{"id":2825,"date":"2025-08-08T10:17:12","date_gmt":"2025-08-08T08:17:12","guid":{"rendered":"https:\/\/oshi-studio.com\/?page_id=2825"},"modified":"2025-08-08T12:49:36","modified_gmt":"2025-08-08T10:49:36","slug":"interior-design-malik-appartement-2-pieces-paris-xi","status":"publish","type":"page","link":"https:\/\/oshi-studio.com\/index.php\/interior-design-malik-appartement-2-pieces-paris-xi\/","title":{"rendered":"Interior Design\/Malik \u2013 Appartement 2 Pi\u00e8ces Paris XI"},"content":{"rendered":"\t\t<div data-elementor-type=\"wp-page\" data-elementor-id=\"2825\" class=\"elementor elementor-2825\">\n\t\t\t\t<div class=\"elementor-element elementor-element-99b4c8a e-flex e-con-boxed e-con e-parent\" data-id=\"99b4c8a\" data-element_type=\"container\" data-e-type=\"container\">\n\t\t\t\t\t<div class=\"e-con-inner\">\n\t\t\t\t<div class=\"elementor-element elementor-element-d39764d elementor-widget elementor-widget-heading\" data-id=\"d39764d\" data-element_type=\"widget\" data-e-type=\"widget\" data-widget_type=\"heading.default\">\n\t\t\t\t<div class=\"elementor-widget-container\">\n\t\t\t\t\t<h1 class=\"elementor-heading-title elementor-size-default\">Projet de Malik - R\u00e9novation d'un 2 pi\u00e8ces \u00e0 Paris XI<\/h1>\t\t\t\t<\/div>\n\t\t\t\t<\/div>\n\t\t\t\t\t<\/div>\n\t\t\t\t<\/div>\n\t\t<div class=\"elementor-element elementor-element-952e01d e-flex e-con-boxed e-con e-parent\" data-id=\"952e01d\" data-element_type=\"container\" data-e-type=\"container\">\n\t\t\t\t\t<div class=\"e-con-inner\">\n\t\t\t\t<div class=\"elementor-element elementor-element-85406fe elementor-widget elementor-widget-text-editor\" data-id=\"85406fe\" data-element_type=\"widget\" data-e-type=\"widget\" data-widget_type=\"text-editor.default\">\n\t\t\t\t<div class=\"elementor-widget-container\">\n\t\t\t\t\t\t\t\t\t<p>R\u00e9novation compl\u00e8te d\u2019un appartement de 55m\u00b2 \u00e0 Paris, pr\u00e8s de Nation en 2024. Malik, Parisien de 35 ans, calme, pos\u00e9 et passionn\u00e9 de musique, de peinture et de lecture, recherchait un v\u00e9ritable cocon au c\u0153ur de Paris.<\/p>\t\t\t\t\t\t\t\t<\/div>\n\t\t\t\t<\/div>\n\t\t\t\t\t<\/div>\n\t\t\t\t<\/div>\n\t\t<div class=\"elementor-element elementor-element-3e1f713 e-flex e-con-boxed e-con e-parent\" data-id=\"3e1f713\" data-element_type=\"container\" data-e-type=\"container\">\n\t\t\t\t\t<div class=\"e-con-inner\">\n\t\t<div class=\"elementor-element elementor-element-f4adbd6 e-con-full e-flex e-con e-child\" data-id=\"f4adbd6\" data-element_type=\"container\" data-e-type=\"container\">\n\t\t\t\t<div class=\"elementor-element elementor-element-0211bc5 elementor-widget__width-initial elementor-widget elementor-widget-text-editor\" data-id=\"0211bc5\" data-element_type=\"widget\" data-e-type=\"widget\" data-widget_type=\"text-editor.default\">\n\t\t\t\t<div class=\"elementor-widget-container\">\n\t\t\t\t\t\t\t\t\t<p>Nous l\u2019avons accompagn\u00e9 d\u00e8s les pr\u00e9mices de son projet, \u00e0 travers du conseil et une contre-visite permettant de confirmer le potentiel du bien sur lequel il avait jet\u00e9 son d\u00e9volu\u00a0: un appartement sur cour, particuli\u00e8rement lumineux et paisible. Il se composait alors d\u2019une petite cuisine, d\u2019un salon modeste et d\u2019une grande chambre. Si les nombreuses fen\u00eatres \u00e9taient un atout pour la luminosit\u00e9, elles repr\u00e9sentaient \u00e9galement un d\u00e9fi en mati\u00e8re d\u2019am\u00e9nagement int\u00e9rieur.<\/p>\t\t\t\t\t\t\t\t<\/div>\n\t\t\t\t<\/div>\n\t\t\t\t<\/div>\n\t\t<div class=\"elementor-element elementor-element-8bd2f28 e-con-full e-flex e-con e-child\" data-id=\"8bd2f28\" data-element_type=\"container\" data-e-type=\"container\">\n\t\t\t\t<div class=\"elementor-element elementor-element-7a01f8e elementor-widget__width-initial elementor-widget elementor-widget-image\" data-id=\"7a01f8e\" data-element_type=\"widget\" data-e-type=\"widget\" data-widget_type=\"image.default\">\n\t\t\t\t<div class=\"elementor-widget-container\">\n\t\t\t\t\t\t\t\t\t\t\t\t\t\t\t<img fetchpriority=\"high\" decoding=\"async\" width=\"2560\" height=\"1920\" src=\"https:\/\/i0.wp.com\/oshi-studio.com\/wp-content\/uploads\/2025\/08\/IMG_7905-scaled.jpg?fit=2560%2C1920&amp;ssl=1\" class=\"attachment-full size-full wp-image-2832\" alt=\"\" srcset=\"https:\/\/i0.wp.com\/oshi-studio.com\/wp-content\/uploads\/2025\/08\/IMG_7905-scaled.jpg?w=2560&amp;ssl=1 2560w, https:\/\/i0.wp.com\/oshi-studio.com\/wp-content\/uploads\/2025\/08\/IMG_7905-scaled.jpg?resize=300%2C225&amp;ssl=1 300w, https:\/\/i0.wp.com\/oshi-studio.com\/wp-content\/uploads\/2025\/08\/IMG_7905-scaled.jpg?resize=1024%2C768&amp;ssl=1 1024w, https:\/\/i0.wp.com\/oshi-studio.com\/wp-content\/uploads\/2025\/08\/IMG_7905-scaled.jpg?resize=768%2C576&amp;ssl=1 768w, https:\/\/i0.wp.com\/oshi-studio.com\/wp-content\/uploads\/2025\/08\/IMG_7905-scaled.jpg?resize=1536%2C1152&amp;ssl=1 1536w, https:\/\/i0.wp.com\/oshi-studio.com\/wp-content\/uploads\/2025\/08\/IMG_7905-scaled.jpg?resize=2048%2C1536&amp;ssl=1 2048w, https:\/\/i0.wp.com\/oshi-studio.com\/wp-content\/uploads\/2025\/08\/IMG_7905-scaled.jpg?w=2400&amp;ssl=1 2400w\" sizes=\"(max-width: 1200px) 100vw, 1200px\" \/>\t\t\t\t\t\t\t\t\t\t\t\t\t\t\t<\/div>\n\t\t\t\t<\/div>\n\t\t\t\t<\/div>\n\t\t\t\t\t<\/div>\n\t\t\t\t<\/div>\n\t\t<div class=\"elementor-element elementor-element-409de88 e-grid e-con-boxed e-con e-parent\" data-id=\"409de88\" data-element_type=\"container\" data-e-type=\"container\">\n\t\t\t\t\t<div class=\"e-con-inner\">\n\t\t\t\t<div class=\"elementor-element elementor-element-d7a930f elementor-widget elementor-widget-image\" data-id=\"d7a930f\" data-element_type=\"widget\" data-e-type=\"widget\" data-widget_type=\"image.default\">\n\t\t\t\t<div class=\"elementor-widget-container\">\n\t\t\t\t\t\t\t\t\t\t\t\t\t\t\t<img decoding=\"async\" width=\"1024\" height=\"768\" src=\"https:\/\/i0.wp.com\/oshi-studio.com\/wp-content\/uploads\/2025\/08\/IMG_7912-scaled.jpg?fit=1024%2C768&amp;ssl=1\" class=\"attachment-large size-large wp-image-2834\" alt=\"\" srcset=\"https:\/\/i0.wp.com\/oshi-studio.com\/wp-content\/uploads\/2025\/08\/IMG_7912-scaled.jpg?w=2560&amp;ssl=1 2560w, https:\/\/i0.wp.com\/oshi-studio.com\/wp-content\/uploads\/2025\/08\/IMG_7912-scaled.jpg?resize=300%2C225&amp;ssl=1 300w, https:\/\/i0.wp.com\/oshi-studio.com\/wp-content\/uploads\/2025\/08\/IMG_7912-scaled.jpg?resize=1024%2C768&amp;ssl=1 1024w, https:\/\/i0.wp.com\/oshi-studio.com\/wp-content\/uploads\/2025\/08\/IMG_7912-scaled.jpg?resize=768%2C576&amp;ssl=1 768w, https:\/\/i0.wp.com\/oshi-studio.com\/wp-content\/uploads\/2025\/08\/IMG_7912-scaled.jpg?resize=1536%2C1152&amp;ssl=1 1536w, https:\/\/i0.wp.com\/oshi-studio.com\/wp-content\/uploads\/2025\/08\/IMG_7912-scaled.jpg?resize=2048%2C1536&amp;ssl=1 2048w, https:\/\/i0.wp.com\/oshi-studio.com\/wp-content\/uploads\/2025\/08\/IMG_7912-scaled.jpg?w=2400&amp;ssl=1 2400w\" sizes=\"(max-width: 1024px) 100vw, 1024px\" \/>\t\t\t\t\t\t\t\t\t\t\t\t\t\t\t<\/div>\n\t\t\t\t<\/div>\n\t\t\t\t<div class=\"elementor-element elementor-element-5d014fb elementor-widget__width-initial elementor-widget elementor-widget-image\" data-id=\"5d014fb\" data-element_type=\"widget\" data-e-type=\"widget\" data-widget_type=\"image.default\">\n\t\t\t\t<div class=\"elementor-widget-container\">\n\t\t\t\t\t\t\t\t\t\t\t\t\t\t\t<img decoding=\"async\" width=\"1024\" height=\"768\" src=\"https:\/\/i0.wp.com\/oshi-studio.com\/wp-content\/uploads\/2025\/08\/REVAMP2-scaled.jpg?fit=1024%2C768&amp;ssl=1\" class=\"attachment-large size-large wp-image-2842\" alt=\"\" srcset=\"https:\/\/i0.wp.com\/oshi-studio.com\/wp-content\/uploads\/2025\/08\/REVAMP2-scaled.jpg?w=2560&amp;ssl=1 2560w, https:\/\/i0.wp.com\/oshi-studio.com\/wp-content\/uploads\/2025\/08\/REVAMP2-scaled.jpg?resize=300%2C225&amp;ssl=1 300w, https:\/\/i0.wp.com\/oshi-studio.com\/wp-content\/uploads\/2025\/08\/REVAMP2-scaled.jpg?resize=1024%2C768&amp;ssl=1 1024w, https:\/\/i0.wp.com\/oshi-studio.com\/wp-content\/uploads\/2025\/08\/REVAMP2-scaled.jpg?resize=768%2C576&amp;ssl=1 768w, https:\/\/i0.wp.com\/oshi-studio.com\/wp-content\/uploads\/2025\/08\/REVAMP2-scaled.jpg?resize=1536%2C1152&amp;ssl=1 1536w, https:\/\/i0.wp.com\/oshi-studio.com\/wp-content\/uploads\/2025\/08\/REVAMP2-scaled.jpg?resize=2048%2C1536&amp;ssl=1 2048w, https:\/\/i0.wp.com\/oshi-studio.com\/wp-content\/uploads\/2025\/08\/REVAMP2-scaled.jpg?w=2400&amp;ssl=1 2400w\" sizes=\"(max-width: 1024px) 100vw, 1024px\" \/>\t\t\t\t\t\t\t\t\t\t\t\t\t\t\t<\/div>\n\t\t\t\t<\/div>\n\t\t\t\t\t<\/div>\n\t\t\t\t<\/div>\n\t\t<div class=\"elementor-element elementor-element-a13c7a6 e-flex e-con-boxed e-con e-parent\" data-id=\"a13c7a6\" data-element_type=\"container\" data-e-type=\"container\">\n\t\t\t\t\t<div class=\"e-con-inner\">\n\t\t\t\t<div class=\"elementor-element elementor-element-c523b85 elementor-widget elementor-widget-text-editor\" data-id=\"c523b85\" data-element_type=\"widget\" data-e-type=\"widget\" data-widget_type=\"text-editor.default\">\n\t\t\t\t<div class=\"elementor-widget-container\">\n\t\t\t\t\t\t\t\t\t<p>Apr\u00e8s avoir \u00e9tudi\u00e9 plusieurs configurations possibles, nous avons opt\u00e9 pour un agencement invers\u00e9, transformant l\u2019ancienne chambre en une pi\u00e8ce de vie avec cuisine ouverte. Le couloir d\u2019origine, baign\u00e9 de lumi\u00e8re, a \u00e9t\u00e9 conserv\u00e9 et distribue les diff\u00e9rentes pi\u00e8ces depuis l\u2019entr\u00e9e.<\/p><p>Dans la nouvelle pi\u00e8ce principale, une cuisine sur mesure, en placage ch\u00eane et laque blanche, habille \u00e9l\u00e9gamment le mur du fond. Elle lib\u00e8re un espace convivial d\u00e9di\u00e9 \u00e0 la salle \u00e0 manger et au salon d\u00e9limit\u00e9 par le canap\u00e9 et une petite biblioth\u00e8que. L\u2019ensemble b\u00e9n\u00e9ficie de deux grandes fen\u00eatres, apportant une lumi\u00e8re naturelle g\u00e9n\u00e9reuse.<\/p>\t\t\t\t\t\t\t\t<\/div>\n\t\t\t\t<\/div>\n\t\t\t\t\t<\/div>\n\t\t\t\t<\/div>\n\t\t<div class=\"elementor-element elementor-element-56036ed e-grid e-con-boxed e-con e-parent\" data-id=\"56036ed\" data-element_type=\"container\" data-e-type=\"container\">\n\t\t\t\t\t<div class=\"e-con-inner\">\n\t\t\t\t<div class=\"elementor-element elementor-element-cd95b71 elementor-widget elementor-widget-image\" data-id=\"cd95b71\" data-element_type=\"widget\" data-e-type=\"widget\" data-widget_type=\"image.default\">\n\t\t\t\t<div class=\"elementor-widget-container\">\n\t\t\t\t\t\t\t\t\t\t\t\t\t\t\t<img loading=\"lazy\" decoding=\"async\" width=\"768\" height=\"1024\" src=\"https:\/\/i0.wp.com\/oshi-studio.com\/wp-content\/uploads\/2025\/08\/IMG_7926-scaled.jpg?fit=768%2C1024&amp;ssl=1\" class=\"attachment-large size-large wp-image-2835\" alt=\"\" srcset=\"https:\/\/i0.wp.com\/oshi-studio.com\/wp-content\/uploads\/2025\/08\/IMG_7926-scaled.jpg?w=1920&amp;ssl=1 1920w, https:\/\/i0.wp.com\/oshi-studio.com\/wp-content\/uploads\/2025\/08\/IMG_7926-scaled.jpg?resize=225%2C300&amp;ssl=1 225w, https:\/\/i0.wp.com\/oshi-studio.com\/wp-content\/uploads\/2025\/08\/IMG_7926-scaled.jpg?resize=768%2C1024&amp;ssl=1 768w, https:\/\/i0.wp.com\/oshi-studio.com\/wp-content\/uploads\/2025\/08\/IMG_7926-scaled.jpg?resize=1152%2C1536&amp;ssl=1 1152w, https:\/\/i0.wp.com\/oshi-studio.com\/wp-content\/uploads\/2025\/08\/IMG_7926-scaled.jpg?resize=1536%2C2048&amp;ssl=1 1536w\" sizes=\"(max-width: 768px) 100vw, 768px\" \/>\t\t\t\t\t\t\t\t\t\t\t\t\t\t\t<\/div>\n\t\t\t\t<\/div>\n\t\t\t\t<div class=\"elementor-element elementor-element-df16b88 elementor-widget elementor-widget-image\" data-id=\"df16b88\" data-element_type=\"widget\" data-e-type=\"widget\" data-widget_type=\"image.default\">\n\t\t\t\t<div class=\"elementor-widget-container\">\n\t\t\t\t\t\t\t\t\t\t\t\t\t\t\t<img loading=\"lazy\" decoding=\"async\" width=\"768\" height=\"1024\" src=\"https:\/\/i0.wp.com\/oshi-studio.com\/wp-content\/uploads\/2025\/08\/IMG_7928-scaled.jpg?fit=768%2C1024&amp;ssl=1\" class=\"attachment-large size-large wp-image-2836\" alt=\"\" srcset=\"https:\/\/i0.wp.com\/oshi-studio.com\/wp-content\/uploads\/2025\/08\/IMG_7928-scaled.jpg?w=1920&amp;ssl=1 1920w, https:\/\/i0.wp.com\/oshi-studio.com\/wp-content\/uploads\/2025\/08\/IMG_7928-scaled.jpg?resize=225%2C300&amp;ssl=1 225w, https:\/\/i0.wp.com\/oshi-studio.com\/wp-content\/uploads\/2025\/08\/IMG_7928-scaled.jpg?resize=768%2C1024&amp;ssl=1 768w, https:\/\/i0.wp.com\/oshi-studio.com\/wp-content\/uploads\/2025\/08\/IMG_7928-scaled.jpg?resize=1152%2C1536&amp;ssl=1 1152w, https:\/\/i0.wp.com\/oshi-studio.com\/wp-content\/uploads\/2025\/08\/IMG_7928-scaled.jpg?resize=1536%2C2048&amp;ssl=1 1536w\" sizes=\"(max-width: 768px) 100vw, 768px\" \/>\t\t\t\t\t\t\t\t\t\t\t\t\t\t\t<\/div>\n\t\t\t\t<\/div>\n\t\t\t\t<div class=\"elementor-element elementor-element-28c4227 elementor-widget elementor-widget-image\" data-id=\"28c4227\" data-element_type=\"widget\" data-e-type=\"widget\" data-widget_type=\"image.default\">\n\t\t\t\t<div class=\"elementor-widget-container\">\n\t\t\t\t\t\t\t\t\t\t\t\t\t\t\t<img loading=\"lazy\" decoding=\"async\" width=\"768\" height=\"1024\" src=\"https:\/\/i0.wp.com\/oshi-studio.com\/wp-content\/uploads\/2025\/08\/IMG_7891-scaled.jpg?fit=768%2C1024&amp;ssl=1\" class=\"attachment-large size-large wp-image-2828\" alt=\"\" srcset=\"https:\/\/i0.wp.com\/oshi-studio.com\/wp-content\/uploads\/2025\/08\/IMG_7891-scaled.jpg?w=1920&amp;ssl=1 1920w, https:\/\/i0.wp.com\/oshi-studio.com\/wp-content\/uploads\/2025\/08\/IMG_7891-scaled.jpg?resize=225%2C300&amp;ssl=1 225w, https:\/\/i0.wp.com\/oshi-studio.com\/wp-content\/uploads\/2025\/08\/IMG_7891-scaled.jpg?resize=768%2C1024&amp;ssl=1 768w, https:\/\/i0.wp.com\/oshi-studio.com\/wp-content\/uploads\/2025\/08\/IMG_7891-scaled.jpg?resize=1152%2C1536&amp;ssl=1 1152w, https:\/\/i0.wp.com\/oshi-studio.com\/wp-content\/uploads\/2025\/08\/IMG_7891-scaled.jpg?resize=1536%2C2048&amp;ssl=1 1536w\" sizes=\"(max-width: 768px) 100vw, 768px\" \/>\t\t\t\t\t\t\t\t\t\t\t\t\t\t\t<\/div>\n\t\t\t\t<\/div>\n\t\t\t\t\t<\/div>\n\t\t\t\t<\/div>\n\t\t<div class=\"elementor-element elementor-element-336a000 e-grid e-con-boxed e-con e-parent\" data-id=\"336a000\" data-element_type=\"container\" data-e-type=\"container\">\n\t\t\t\t\t<div class=\"e-con-inner\">\n\t\t\t\t<div class=\"elementor-element elementor-element-0c49902 elementor-widget elementor-widget-image\" data-id=\"0c49902\" data-element_type=\"widget\" data-e-type=\"widget\" data-widget_type=\"image.default\">\n\t\t\t\t<div class=\"elementor-widget-container\">\n\t\t\t\t\t\t\t\t\t\t\t\t\t\t\t<img loading=\"lazy\" decoding=\"async\" width=\"768\" height=\"1024\" src=\"https:\/\/i0.wp.com\/oshi-studio.com\/wp-content\/uploads\/2025\/08\/IMG_7941-scaled.jpg?fit=768%2C1024&amp;ssl=1\" class=\"attachment-large size-large wp-image-2837\" alt=\"\" srcset=\"https:\/\/i0.wp.com\/oshi-studio.com\/wp-content\/uploads\/2025\/08\/IMG_7941-scaled.jpg?w=1920&amp;ssl=1 1920w, https:\/\/i0.wp.com\/oshi-studio.com\/wp-content\/uploads\/2025\/08\/IMG_7941-scaled.jpg?resize=225%2C300&amp;ssl=1 225w, https:\/\/i0.wp.com\/oshi-studio.com\/wp-content\/uploads\/2025\/08\/IMG_7941-scaled.jpg?resize=768%2C1024&amp;ssl=1 768w, https:\/\/i0.wp.com\/oshi-studio.com\/wp-content\/uploads\/2025\/08\/IMG_7941-scaled.jpg?resize=1152%2C1536&amp;ssl=1 1152w, https:\/\/i0.wp.com\/oshi-studio.com\/wp-content\/uploads\/2025\/08\/IMG_7941-scaled.jpg?resize=1536%2C2048&amp;ssl=1 1536w\" sizes=\"(max-width: 768px) 100vw, 768px\" \/>\t\t\t\t\t\t\t\t\t\t\t\t\t\t\t<\/div>\n\t\t\t\t<\/div>\n\t\t\t\t<div class=\"elementor-element elementor-element-672bed6 elementor-widget elementor-widget-text-editor\" data-id=\"672bed6\" data-element_type=\"widget\" data-e-type=\"widget\" data-widget_type=\"text-editor.default\">\n\t\t\t\t<div class=\"elementor-widget-container\">\n\t\t\t\t\t\t\t\t\t<p>La chambre, bien que de dimensions modestes, est tr\u00e8s confortable et fonctionnelle. Un grand dressing sur mesure a \u00e9t\u00e9 con\u00e7u avec une pointe \u00e9tir\u00e9e, permettant de conserver une circulation fluide tout en maximisant les rangements. Une niche en placage ch\u00eane y a \u00e9t\u00e9 int\u00e9gr\u00e9e pour a\u00e9rer visuellement le meuble et cr\u00e9er un espace chaleureux et intime.<\/p><p>Enfin, la salle de douche et des toilettes s\u00e9par\u00e9s, ont \u00e9t\u00e9 am\u00e9nag\u00e9s dans un style sobre et intemporel, en parfaite ad\u00e9quation avec les souhaits du propri\u00e9taire.<\/p>\t\t\t\t\t\t\t\t<\/div>\n\t\t\t\t<\/div>\n\t\t\t\t<div class=\"elementor-element elementor-element-9bc6035 elementor-widget elementor-widget-image\" data-id=\"9bc6035\" data-element_type=\"widget\" data-e-type=\"widget\" data-widget_type=\"image.default\">\n\t\t\t\t<div class=\"elementor-widget-container\">\n\t\t\t\t\t\t\t\t\t\t\t\t\t\t\t<img loading=\"lazy\" decoding=\"async\" width=\"768\" height=\"1024\" src=\"https:\/\/i0.wp.com\/oshi-studio.com\/wp-content\/uploads\/2025\/08\/IMG_7947-scaled.jpg?fit=768%2C1024&amp;ssl=1\" class=\"attachment-large size-large wp-image-2838\" alt=\"\" srcset=\"https:\/\/i0.wp.com\/oshi-studio.com\/wp-content\/uploads\/2025\/08\/IMG_7947-scaled.jpg?w=1920&amp;ssl=1 1920w, https:\/\/i0.wp.com\/oshi-studio.com\/wp-content\/uploads\/2025\/08\/IMG_7947-scaled.jpg?resize=225%2C300&amp;ssl=1 225w, https:\/\/i0.wp.com\/oshi-studio.com\/wp-content\/uploads\/2025\/08\/IMG_7947-scaled.jpg?resize=768%2C1024&amp;ssl=1 768w, https:\/\/i0.wp.com\/oshi-studio.com\/wp-content\/uploads\/2025\/08\/IMG_7947-scaled.jpg?resize=1152%2C1536&amp;ssl=1 1152w, https:\/\/i0.wp.com\/oshi-studio.com\/wp-content\/uploads\/2025\/08\/IMG_7947-scaled.jpg?resize=1536%2C2048&amp;ssl=1 1536w\" sizes=\"(max-width: 768px) 100vw, 768px\" \/>\t\t\t\t\t\t\t\t\t\t\t\t\t\t\t<\/div>\n\t\t\t\t<\/div>\n\t\t\t\t\t<\/div>\n\t\t\t\t<\/div>\n\t\t\t\t<\/div>\n\t\t","protected":false},"excerpt":{"rendered":"<p>Projet de Malik &#8211; R\u00e9novation d&rsquo;un 2 pi\u00e8ces \u00e0 Paris XI R\u00e9novation compl\u00e8te d\u2019un appartement de 55m\u00b2 \u00e0 Paris, pr\u00e8s de Nation en 2024. Malik, Parisien de 35 ans, calme, pos\u00e9 et passionn\u00e9 de musique, de peinture et de lecture, recherchait un v\u00e9ritable cocon au c\u0153ur de Paris. Nous l\u2019avons accompagn\u00e9 d\u00e8s les pr\u00e9mices de [&hellip;]<\/p>\n","protected":false},"author":1,"featured_media":0,"parent":0,"menu_order":0,"comment_status":"closed","ping_status":"closed","template":"","meta":{"site-sidebar-layout":"no-sidebar","site-content-layout":"","ast-site-content-layout":"full-width-container","site-content-style":"default","site-sidebar-style":"default","ast-global-header-display":"","ast-banner-title-visibility":"","ast-main-header-display":"","ast-hfb-above-header-display":"","ast-hfb-below-header-display":"","ast-hfb-mobile-header-display":"","site-post-title":"disabled","ast-breadcrumbs-content":"","ast-featured-img":"disabled","footer-sml-layout":"","ast-disable-related-posts":"","theme-transparent-header-meta":"","adv-header-id-meta":"","stick-header-meta":"","header-above-stick-meta":"","header-main-stick-meta":"","header-below-stick-meta":"","astra-migrate-meta-layouts":"default","ast-page-background-enabled":"default","ast-page-background-meta":{"desktop":{"background-color":"var(--ast-global-color-4)","background-image":"","background-repeat":"repeat","background-position":"center center","background-size":"auto","background-attachment":"scroll","background-type":"","background-media":"","overlay-type":"","overlay-color":"","overlay-opacity":"","overlay-gradient":""},"tablet":{"background-color":"","background-image":"","background-repeat":"repeat","background-position":"center center","background-size":"auto","background-attachment":"scroll","background-type":"","background-media":"","overlay-type":"","overlay-color":"","overlay-opacity":"","overlay-gradient":""},"mobile":{"background-color":"","background-image":"","background-repeat":"repeat","background-position":"center center","background-size":"auto","background-attachment":"scroll","background-type":"","background-media":"","overlay-type":"","overlay-color":"","overlay-opacity":"","overlay-gradient":""}},"ast-content-background-meta":{"desktop":{"background-color":"var(--ast-global-color-5)","background-image":"","background-repeat":"repeat","background-position":"center center","background-size":"auto","background-attachment":"scroll","background-type":"","background-media":"","overlay-type":"","overlay-color":"","overlay-opacity":"","overlay-gradient":""},"tablet":{"background-color":"var(--ast-global-color-5)","background-image":"","background-repeat":"repeat","background-position":"center center","background-size":"auto","background-attachment":"scroll","background-type":"","background-media":"","overlay-type":"","overlay-color":"","overlay-opacity":"","overlay-gradient":""},"mobile":{"background-color":"var(--ast-global-color-5)","background-image":"","background-repeat":"repeat","background-position":"center center","background-size":"auto","background-attachment":"scroll","background-type":"","background-media":"","overlay-type":"","overlay-color":"","overlay-opacity":"","overlay-gradient":""}},"footnotes":""},"class_list":["post-2825","page","type-page","status-publish","hentry"],"jetpack_sharing_enabled":true,"_links":{"self":[{"href":"https:\/\/oshi-studio.com\/index.php\/wp-json\/wp\/v2\/pages\/2825","targetHints":{"allow":["GET"]}}],"collection":[{"href":"https:\/\/oshi-studio.com\/index.php\/wp-json\/wp\/v2\/pages"}],"about":[{"href":"https:\/\/oshi-studio.com\/index.php\/wp-json\/wp\/v2\/types\/page"}],"author":[{"embeddable":true,"href":"https:\/\/oshi-studio.com\/index.php\/wp-json\/wp\/v2\/users\/1"}],"replies":[{"embeddable":true,"href":"https:\/\/oshi-studio.com\/index.php\/wp-json\/wp\/v2\/comments?post=2825"}],"version-history":[{"count":19,"href":"https:\/\/oshi-studio.com\/index.php\/wp-json\/wp\/v2\/pages\/2825\/revisions"}],"predecessor-version":[{"id":2863,"href":"https:\/\/oshi-studio.com\/index.php\/wp-json\/wp\/v2\/pages\/2825\/revisions\/2863"}],"wp:attachment":[{"href":"https:\/\/oshi-studio.com\/index.php\/wp-json\/wp\/v2\/media?parent=2825"}],"curies":[{"name":"wp","href":"https:\/\/api.w.org\/{rel}","templated":true}]}}