{"id":1861,"date":"2024-02-22T21:28:35","date_gmt":"2024-02-22T20:28:35","guid":{"rendered":"https:\/\/oshi-studio.com\/?page_id=1861"},"modified":"2024-03-07T20:11:56","modified_gmt":"2024-03-07T19:11:56","slug":"interior-design-cecilia-appartement-2-pieces-ixelles","status":"publish","type":"page","link":"https:\/\/oshi-studio.com\/index.php\/interior-design-cecilia-appartement-2-pieces-ixelles\/","title":{"rendered":"Interior Design\/C\u00e9cilia \u2013 Appartement 2 Pi\u00e8ces Ixelles\u00a0"},"content":{"rendered":"\t\t<div data-elementor-type=\"wp-page\" data-elementor-id=\"1861\" class=\"elementor elementor-1861\">\n\t\t\t\t<div class=\"elementor-element elementor-element-3c7752f e-flex e-con-boxed e-con e-parent\" data-id=\"3c7752f\" data-element_type=\"container\" data-e-type=\"container\">\n\t\t\t\t\t<div class=\"e-con-inner\">\n\t\t\t\t<div class=\"elementor-element elementor-element-36f3e20 elementor-widget elementor-widget-heading\" data-id=\"36f3e20\" data-element_type=\"widget\" data-e-type=\"widget\" data-widget_type=\"heading.default\">\n\t\t\t\t<div class=\"elementor-widget-container\">\n\t\t\t\t\t<h1 class=\"elementor-heading-title elementor-size-default\">Projet de C\u00e9cilia - R\u00e9novation compl\u00e8te d'un 2 pi\u00e8ces \u00e0 Ixelles<\/h1>\t\t\t\t<\/div>\n\t\t\t\t<\/div>\n\t\t\t\t\t<\/div>\n\t\t\t\t<\/div>\n\t\t<div class=\"elementor-element elementor-element-40d8142 e-flex e-con-boxed e-con e-parent\" data-id=\"40d8142\" data-element_type=\"container\" data-e-type=\"container\">\n\t\t\t\t\t<div class=\"e-con-inner\">\n\t\t\t\t<div class=\"elementor-element elementor-element-41f739f elementor-widget elementor-widget-image\" data-id=\"41f739f\" data-element_type=\"widget\" data-e-type=\"widget\" data-widget_type=\"image.default\">\n\t\t\t\t<div class=\"elementor-widget-container\">\n\t\t\t\t\t\t\t\t\t\t\t\t\t\t\t<img fetchpriority=\"high\" decoding=\"async\" width=\"2560\" height=\"1920\" src=\"https:\/\/i0.wp.com\/oshi-studio.com\/wp-content\/uploads\/2024\/02\/OSHI-Cecilia-salon-1-scaled.jpg?fit=2560%2C1920&amp;ssl=1\" class=\"attachment-full size-full wp-image-1868\" alt=\"\" srcset=\"https:\/\/i0.wp.com\/oshi-studio.com\/wp-content\/uploads\/2024\/02\/OSHI-Cecilia-salon-1-scaled.jpg?w=2560&amp;ssl=1 2560w, https:\/\/i0.wp.com\/oshi-studio.com\/wp-content\/uploads\/2024\/02\/OSHI-Cecilia-salon-1-scaled.jpg?resize=300%2C225&amp;ssl=1 300w, https:\/\/i0.wp.com\/oshi-studio.com\/wp-content\/uploads\/2024\/02\/OSHI-Cecilia-salon-1-scaled.jpg?resize=1024%2C768&amp;ssl=1 1024w, https:\/\/i0.wp.com\/oshi-studio.com\/wp-content\/uploads\/2024\/02\/OSHI-Cecilia-salon-1-scaled.jpg?resize=768%2C576&amp;ssl=1 768w, https:\/\/i0.wp.com\/oshi-studio.com\/wp-content\/uploads\/2024\/02\/OSHI-Cecilia-salon-1-scaled.jpg?resize=1536%2C1152&amp;ssl=1 1536w, https:\/\/i0.wp.com\/oshi-studio.com\/wp-content\/uploads\/2024\/02\/OSHI-Cecilia-salon-1-scaled.jpg?resize=2048%2C1536&amp;ssl=1 2048w, https:\/\/i0.wp.com\/oshi-studio.com\/wp-content\/uploads\/2024\/02\/OSHI-Cecilia-salon-1-scaled.jpg?w=2400&amp;ssl=1 2400w\" sizes=\"(max-width: 1200px) 100vw, 1200px\" \/>\t\t\t\t\t\t\t\t\t\t\t\t\t\t\t<\/div>\n\t\t\t\t<\/div>\n\t\t\t\t\t<\/div>\n\t\t\t\t<\/div>\n\t\t<div class=\"elementor-element elementor-element-eae9cda e-flex e-con-boxed e-con e-parent\" data-id=\"eae9cda\" data-element_type=\"container\" data-e-type=\"container\">\n\t\t\t\t\t<div class=\"e-con-inner\">\n\t\t\t\t<div class=\"elementor-element elementor-element-fc0e957 elementor-widget elementor-widget-text-editor\" data-id=\"fc0e957\" data-element_type=\"widget\" data-e-type=\"widget\" data-widget_type=\"text-editor.default\">\n\t\t\t\t<div class=\"elementor-widget-container\">\n\t\t\t\t\t\t\t\t\t<p><span style=\"font-style: inherit; font-weight: inherit; color: var( --e-global-color-text ); font-family: var( --e-global-typography-text-font-family ), Sans-serif; text-align: var(--text-align); background-color: var(--ast-global-color-5);\">R\u00e9novation compl\u00e8te d&rsquo;un appartement de 90m2 \u00e0 Ixelles. C\u00e9cilia, une jeune fran\u00e7aise install\u00e9e \u00e0 Bruxelles, souhaitait remettre en \u00e9tat un appartement r\u00e9cemment acquis.&nbsp;<\/span><\/p>\n<ul>\n<li>L&rsquo;appartement \u00e9tait dans son jus et n\u00e9cessitait une r\u00e9novation compl\u00e8te.<\/li>\n<li>La cuisine s\u00e9par\u00e9e \u00e9tait tr\u00e8s petite et mal \u00e9quip\u00e9e.<\/li>\n<li>Un grand espace dans le salon demeurait non exploit\u00e9 et sombre.&nbsp;&nbsp;<\/li>\n<\/ul>\n<p>Profitant de la remise en \u00e9tat, nous avons compl\u00e8tement repens\u00e9 l&rsquo;organisation des espaces afin de r\u00e9soudre ces dysfonctionnements.<\/p>\n<ul>\n<li>La cuisine a \u00e9t\u00e9 d\u00e9plac\u00e9e dans la partie non-exploit\u00e9e du salon. Un am\u00e9nagement original autour d&rsquo;un double acc\u00e8s (entr\u00e9e et salon) permet d&rsquo;int\u00e9grer la cuisine de mani\u00e8re fluide tout en d\u00e9limitant sa fonction, sans que la cuisine ne devienne un passage oblig\u00e9.&nbsp;<\/li>\n<li>La cloison qui s\u00e9parait l&rsquo;ancienne cuisine du salon a \u00e9t\u00e9 supprim\u00e9e. Cet espace accueille d\u00e9sormais une salle \u00e0 manger ouverte et int\u00e9gr\u00e9e \u00e0 l&rsquo;espace de vie, rendant l&rsquo;ensemble plus grand et plus chaleureux.&nbsp;<\/li>\n<\/ul>\n<p>L&rsquo;ouverture de la salle \u00e0 manger a permis d&rsquo;augmenter la luminosit\u00e9 naturelle de l&rsquo;espace de vie qui b\u00e9n\u00e9ficie pleinement des deux grandes fen\u00eatres avec vue sur les toits de Bruxelles.&nbsp;<\/p>\t\t\t\t\t\t\t\t<\/div>\n\t\t\t\t<\/div>\n\t\t\t\t\t<\/div>\n\t\t\t\t<\/div>\n\t\t<div class=\"elementor-element elementor-element-f0311c7 e-flex e-con-boxed e-con e-parent\" data-id=\"f0311c7\" data-element_type=\"container\" data-e-type=\"container\">\n\t\t\t\t\t<div class=\"e-con-inner\">\n\t\t<div class=\"elementor-element elementor-element-31cd091 e-con-full e-flex e-con e-child\" data-id=\"31cd091\" data-element_type=\"container\" data-e-type=\"container\">\n\t\t\t\t<div class=\"elementor-element elementor-element-09bada6 elementor-widget elementor-widget-image\" data-id=\"09bada6\" data-element_type=\"widget\" data-e-type=\"widget\" data-widget_type=\"image.default\">\n\t\t\t\t<div class=\"elementor-widget-container\">\n\t\t\t\t\t\t\t\t\t\t\t\t\t\t\t<img decoding=\"async\" width=\"2560\" height=\"1918\" src=\"https:\/\/i0.wp.com\/oshi-studio.com\/wp-content\/uploads\/2024\/02\/OSHI-Cecilia-Cuisine-7-scaled.jpg?fit=2560%2C1918&amp;ssl=1\" class=\"attachment-full size-full wp-image-1857\" alt=\"\" srcset=\"https:\/\/i0.wp.com\/oshi-studio.com\/wp-content\/uploads\/2024\/02\/OSHI-Cecilia-Cuisine-7-scaled.jpg?w=2560&amp;ssl=1 2560w, https:\/\/i0.wp.com\/oshi-studio.com\/wp-content\/uploads\/2024\/02\/OSHI-Cecilia-Cuisine-7-scaled.jpg?resize=300%2C225&amp;ssl=1 300w, https:\/\/i0.wp.com\/oshi-studio.com\/wp-content\/uploads\/2024\/02\/OSHI-Cecilia-Cuisine-7-scaled.jpg?resize=1024%2C767&amp;ssl=1 1024w, https:\/\/i0.wp.com\/oshi-studio.com\/wp-content\/uploads\/2024\/02\/OSHI-Cecilia-Cuisine-7-scaled.jpg?resize=768%2C575&amp;ssl=1 768w, https:\/\/i0.wp.com\/oshi-studio.com\/wp-content\/uploads\/2024\/02\/OSHI-Cecilia-Cuisine-7-scaled.jpg?resize=1536%2C1151&amp;ssl=1 1536w, https:\/\/i0.wp.com\/oshi-studio.com\/wp-content\/uploads\/2024\/02\/OSHI-Cecilia-Cuisine-7-scaled.jpg?resize=2048%2C1534&amp;ssl=1 2048w, https:\/\/i0.wp.com\/oshi-studio.com\/wp-content\/uploads\/2024\/02\/OSHI-Cecilia-Cuisine-7-scaled.jpg?w=2400&amp;ssl=1 2400w\" sizes=\"(max-width: 1200px) 100vw, 1200px\" \/>\t\t\t\t\t\t\t\t\t\t\t\t\t\t\t<\/div>\n\t\t\t\t<\/div>\n\t\t\t\t<\/div>\n\t\t<div class=\"elementor-element elementor-element-52a8a72 e-con-full e-flex e-con e-child\" data-id=\"52a8a72\" data-element_type=\"container\" data-e-type=\"container\">\n\t\t\t\t<div class=\"elementor-element elementor-element-6cff717 elementor-widget elementor-widget-image\" data-id=\"6cff717\" data-element_type=\"widget\" data-e-type=\"widget\" data-widget_type=\"image.default\">\n\t\t\t\t<div class=\"elementor-widget-container\">\n\t\t\t\t\t\t\t\t\t\t\t\t\t\t\t<img decoding=\"async\" width=\"1920\" height=\"2560\" src=\"https:\/\/i0.wp.com\/oshi-studio.com\/wp-content\/uploads\/2024\/02\/OSHI-Cecilia-entree-1-scaled.jpg?fit=1920%2C2560&amp;ssl=1\" class=\"attachment-full size-full wp-image-1862\" alt=\"\" srcset=\"https:\/\/i0.wp.com\/oshi-studio.com\/wp-content\/uploads\/2024\/02\/OSHI-Cecilia-entree-1-scaled.jpg?w=1920&amp;ssl=1 1920w, https:\/\/i0.wp.com\/oshi-studio.com\/wp-content\/uploads\/2024\/02\/OSHI-Cecilia-entree-1-scaled.jpg?resize=225%2C300&amp;ssl=1 225w, https:\/\/i0.wp.com\/oshi-studio.com\/wp-content\/uploads\/2024\/02\/OSHI-Cecilia-entree-1-scaled.jpg?resize=768%2C1024&amp;ssl=1 768w, https:\/\/i0.wp.com\/oshi-studio.com\/wp-content\/uploads\/2024\/02\/OSHI-Cecilia-entree-1-scaled.jpg?resize=1152%2C1536&amp;ssl=1 1152w, https:\/\/i0.wp.com\/oshi-studio.com\/wp-content\/uploads\/2024\/02\/OSHI-Cecilia-entree-1-scaled.jpg?resize=1536%2C2048&amp;ssl=1 1536w\" sizes=\"(max-width: 1200px) 100vw, 1200px\" \/>\t\t\t\t\t\t\t\t\t\t\t\t\t\t\t<\/div>\n\t\t\t\t<\/div>\n\t\t\t\t<\/div>\n\t\t\t\t\t<\/div>\n\t\t\t\t<\/div>\n\t\t<div class=\"elementor-element elementor-element-b79b3c5 e-flex e-con-boxed e-con e-parent\" data-id=\"b79b3c5\" data-element_type=\"container\" data-e-type=\"container\">\n\t\t\t\t\t<div class=\"e-con-inner\">\n\t\t<div class=\"elementor-element elementor-element-f247f07 e-con-full e-flex e-con e-child\" data-id=\"f247f07\" data-element_type=\"container\" data-e-type=\"container\">\n\t\t\t\t<div class=\"elementor-element elementor-element-d02eab6 elementor-widget elementor-widget-image\" data-id=\"d02eab6\" data-element_type=\"widget\" data-e-type=\"widget\" data-widget_type=\"image.default\">\n\t\t\t\t<div class=\"elementor-widget-container\">\n\t\t\t\t\t\t\t\t\t\t\t\t\t\t\t<img loading=\"lazy\" decoding=\"async\" width=\"1920\" height=\"2560\" src=\"https:\/\/i0.wp.com\/oshi-studio.com\/wp-content\/uploads\/2024\/02\/OSHI-Cecilia-Cuisine-9-scaled.jpg?fit=1920%2C2560&amp;ssl=1\" class=\"attachment-full size-full wp-image-1859\" alt=\"\" srcset=\"https:\/\/i0.wp.com\/oshi-studio.com\/wp-content\/uploads\/2024\/02\/OSHI-Cecilia-Cuisine-9-scaled.jpg?w=1920&amp;ssl=1 1920w, https:\/\/i0.wp.com\/oshi-studio.com\/wp-content\/uploads\/2024\/02\/OSHI-Cecilia-Cuisine-9-scaled.jpg?resize=225%2C300&amp;ssl=1 225w, https:\/\/i0.wp.com\/oshi-studio.com\/wp-content\/uploads\/2024\/02\/OSHI-Cecilia-Cuisine-9-scaled.jpg?resize=768%2C1024&amp;ssl=1 768w, https:\/\/i0.wp.com\/oshi-studio.com\/wp-content\/uploads\/2024\/02\/OSHI-Cecilia-Cuisine-9-scaled.jpg?resize=1152%2C1536&amp;ssl=1 1152w, https:\/\/i0.wp.com\/oshi-studio.com\/wp-content\/uploads\/2024\/02\/OSHI-Cecilia-Cuisine-9-scaled.jpg?resize=1536%2C2048&amp;ssl=1 1536w\" sizes=\"(max-width: 1200px) 100vw, 1200px\" \/>\t\t\t\t\t\t\t\t\t\t\t\t\t\t\t<\/div>\n\t\t\t\t<\/div>\n\t\t\t\t<\/div>\n\t\t<div class=\"elementor-element elementor-element-4bc61de e-con-full e-flex e-con e-child\" data-id=\"4bc61de\" data-element_type=\"container\" data-e-type=\"container\">\n\t\t\t\t<div class=\"elementor-element elementor-element-8022576 elementor-widget elementor-widget-image\" data-id=\"8022576\" data-element_type=\"widget\" data-e-type=\"widget\" data-widget_type=\"image.default\">\n\t\t\t\t<div class=\"elementor-widget-container\">\n\t\t\t\t\t\t\t\t\t\t\t\t\t\t\t<img loading=\"lazy\" decoding=\"async\" width=\"2560\" height=\"1920\" src=\"https:\/\/i0.wp.com\/oshi-studio.com\/wp-content\/uploads\/2024\/02\/OSHI-Cecilia-salon-3-scaled.jpg?fit=2560%2C1920&amp;ssl=1\" class=\"attachment-full size-full wp-image-1867\" alt=\"\" srcset=\"https:\/\/i0.wp.com\/oshi-studio.com\/wp-content\/uploads\/2024\/02\/OSHI-Cecilia-salon-3-scaled.jpg?w=2560&amp;ssl=1 2560w, https:\/\/i0.wp.com\/oshi-studio.com\/wp-content\/uploads\/2024\/02\/OSHI-Cecilia-salon-3-scaled.jpg?resize=300%2C225&amp;ssl=1 300w, https:\/\/i0.wp.com\/oshi-studio.com\/wp-content\/uploads\/2024\/02\/OSHI-Cecilia-salon-3-scaled.jpg?resize=1024%2C768&amp;ssl=1 1024w, https:\/\/i0.wp.com\/oshi-studio.com\/wp-content\/uploads\/2024\/02\/OSHI-Cecilia-salon-3-scaled.jpg?resize=768%2C576&amp;ssl=1 768w, https:\/\/i0.wp.com\/oshi-studio.com\/wp-content\/uploads\/2024\/02\/OSHI-Cecilia-salon-3-scaled.jpg?resize=1536%2C1152&amp;ssl=1 1536w, https:\/\/i0.wp.com\/oshi-studio.com\/wp-content\/uploads\/2024\/02\/OSHI-Cecilia-salon-3-scaled.jpg?resize=2048%2C1536&amp;ssl=1 2048w, https:\/\/i0.wp.com\/oshi-studio.com\/wp-content\/uploads\/2024\/02\/OSHI-Cecilia-salon-3-scaled.jpg?w=2400&amp;ssl=1 2400w\" sizes=\"(max-width: 1200px) 100vw, 1200px\" \/>\t\t\t\t\t\t\t\t\t\t\t\t\t\t\t<\/div>\n\t\t\t\t<\/div>\n\t\t\t\t<\/div>\n\t\t\t\t\t<\/div>\n\t\t\t\t<\/div>\n\t\t<div class=\"elementor-element elementor-element-8665cdc e-flex e-con-boxed e-con e-parent\" data-id=\"8665cdc\" data-element_type=\"container\" data-e-type=\"container\">\n\t\t\t\t\t<div class=\"e-con-inner\">\n\t\t<div class=\"elementor-element elementor-element-713e4c2 e-con-full e-flex e-con e-child\" data-id=\"713e4c2\" data-element_type=\"container\" data-e-type=\"container\">\n\t\t\t\t<div class=\"elementor-element elementor-element-742c949 elementor-widget elementor-widget-image\" data-id=\"742c949\" data-element_type=\"widget\" data-e-type=\"widget\" data-widget_type=\"image.default\">\n\t\t\t\t<div class=\"elementor-widget-container\">\n\t\t\t\t\t\t\t\t\t\t\t\t\t\t\t<img loading=\"lazy\" decoding=\"async\" width=\"2560\" height=\"1920\" src=\"https:\/\/i0.wp.com\/oshi-studio.com\/wp-content\/uploads\/2024\/02\/OSHI-Cecilia-Cuisine-6-scaled.jpg?fit=2560%2C1920&amp;ssl=1\" class=\"attachment-full size-full wp-image-1856\" alt=\"\" srcset=\"https:\/\/i0.wp.com\/oshi-studio.com\/wp-content\/uploads\/2024\/02\/OSHI-Cecilia-Cuisine-6-scaled.jpg?w=2560&amp;ssl=1 2560w, https:\/\/i0.wp.com\/oshi-studio.com\/wp-content\/uploads\/2024\/02\/OSHI-Cecilia-Cuisine-6-scaled.jpg?resize=300%2C225&amp;ssl=1 300w, https:\/\/i0.wp.com\/oshi-studio.com\/wp-content\/uploads\/2024\/02\/OSHI-Cecilia-Cuisine-6-scaled.jpg?resize=1024%2C768&amp;ssl=1 1024w, https:\/\/i0.wp.com\/oshi-studio.com\/wp-content\/uploads\/2024\/02\/OSHI-Cecilia-Cuisine-6-scaled.jpg?resize=768%2C576&amp;ssl=1 768w, https:\/\/i0.wp.com\/oshi-studio.com\/wp-content\/uploads\/2024\/02\/OSHI-Cecilia-Cuisine-6-scaled.jpg?resize=1536%2C1152&amp;ssl=1 1536w, https:\/\/i0.wp.com\/oshi-studio.com\/wp-content\/uploads\/2024\/02\/OSHI-Cecilia-Cuisine-6-scaled.jpg?resize=2048%2C1536&amp;ssl=1 2048w, https:\/\/i0.wp.com\/oshi-studio.com\/wp-content\/uploads\/2024\/02\/OSHI-Cecilia-Cuisine-6-scaled.jpg?w=2400&amp;ssl=1 2400w\" sizes=\"(max-width: 1200px) 100vw, 1200px\" \/>\t\t\t\t\t\t\t\t\t\t\t\t\t\t\t<\/div>\n\t\t\t\t<\/div>\n\t\t\t\t<\/div>\n\t\t<div class=\"elementor-element elementor-element-4a036cd e-con-full e-flex e-con e-child\" data-id=\"4a036cd\" data-element_type=\"container\" data-e-type=\"container\">\n\t\t\t\t<div class=\"elementor-element elementor-element-f762b94 elementor-widget elementor-widget-image\" data-id=\"f762b94\" data-element_type=\"widget\" data-e-type=\"widget\" data-widget_type=\"image.default\">\n\t\t\t\t<div class=\"elementor-widget-container\">\n\t\t\t\t\t\t\t\t\t\t\t\t\t\t\t<img loading=\"lazy\" decoding=\"async\" width=\"1920\" height=\"2560\" src=\"https:\/\/i0.wp.com\/oshi-studio.com\/wp-content\/uploads\/2024\/02\/OSHI-Cecilia-Cuisine-scaled.jpg?fit=1920%2C2560&amp;ssl=1\" class=\"attachment-full size-full wp-image-1850\" alt=\"\" srcset=\"https:\/\/i0.wp.com\/oshi-studio.com\/wp-content\/uploads\/2024\/02\/OSHI-Cecilia-Cuisine-scaled.jpg?w=1920&amp;ssl=1 1920w, https:\/\/i0.wp.com\/oshi-studio.com\/wp-content\/uploads\/2024\/02\/OSHI-Cecilia-Cuisine-scaled.jpg?resize=225%2C300&amp;ssl=1 225w, https:\/\/i0.wp.com\/oshi-studio.com\/wp-content\/uploads\/2024\/02\/OSHI-Cecilia-Cuisine-scaled.jpg?resize=768%2C1024&amp;ssl=1 768w, https:\/\/i0.wp.com\/oshi-studio.com\/wp-content\/uploads\/2024\/02\/OSHI-Cecilia-Cuisine-scaled.jpg?resize=1152%2C1536&amp;ssl=1 1152w, https:\/\/i0.wp.com\/oshi-studio.com\/wp-content\/uploads\/2024\/02\/OSHI-Cecilia-Cuisine-scaled.jpg?resize=1536%2C2048&amp;ssl=1 1536w\" sizes=\"(max-width: 1200px) 100vw, 1200px\" \/>\t\t\t\t\t\t\t\t\t\t\t\t\t\t\t<\/div>\n\t\t\t\t<\/div>\n\t\t\t\t<\/div>\n\t\t\t\t\t<\/div>\n\t\t\t\t<\/div>\n\t\t<div class=\"elementor-element elementor-element-a67a8e1 e-flex e-con-boxed e-con e-parent\" data-id=\"a67a8e1\" data-element_type=\"container\" data-e-type=\"container\">\n\t\t\t\t\t<div class=\"e-con-inner\">\n\t\t\t\t<div class=\"elementor-element elementor-element-b1b3245 elementor-widget elementor-widget-text-editor\" data-id=\"b1b3245\" data-element_type=\"widget\" data-e-type=\"widget\" data-widget_type=\"text-editor.default\">\n\t\t\t\t<div class=\"elementor-widget-container\">\n\t\t\t\t\t\t\t\t\t<p><span style=\"font-style: inherit; font-weight: inherit; color: var( --e-global-color-text ); font-family: var( --e-global-typography-text-font-family ), Sans-serif; text-align: var(--text-align); background-color: var(--ast-global-color-5);\">La cuisine occupe dispose d&rsquo;une vue imprenable sur le salon et la salle \u00e0 manger ainsi que sur les deux grandes fen\u00eatres. Malgr\u00e9 son orientation nord-est, le nouvel am\u00e9nagement rend l&rsquo;appartement plus lumineux et plus chaleureux.<\/span><\/p>\n<p>Le parquet en point de Hongrie donne une petite touche parisienne \u00e0 cet appartement Bruxellois.<\/p>\t\t\t\t\t\t\t\t<\/div>\n\t\t\t\t<\/div>\n\t\t\t\t\t<\/div>\n\t\t\t\t<\/div>\n\t\t<div class=\"elementor-element elementor-element-2ce0d9a e-flex e-con-boxed e-con e-parent\" data-id=\"2ce0d9a\" data-element_type=\"container\" data-e-type=\"container\">\n\t\t\t\t\t<div class=\"e-con-inner\">\n\t\t<div class=\"elementor-element elementor-element-3c50dc0 e-con-full e-flex e-con e-child\" data-id=\"3c50dc0\" data-element_type=\"container\" data-e-type=\"container\">\n\t\t\t\t<div class=\"elementor-element elementor-element-298c966 elementor-widget__width-initial elementor-widget elementor-widget-image\" data-id=\"298c966\" data-element_type=\"widget\" data-e-type=\"widget\" data-widget_type=\"image.default\">\n\t\t\t\t<div class=\"elementor-widget-container\">\n\t\t\t\t\t\t\t\t\t\t\t\t\t\t\t<img loading=\"lazy\" decoding=\"async\" width=\"1920\" height=\"2560\" src=\"https:\/\/i0.wp.com\/oshi-studio.com\/wp-content\/uploads\/2024\/02\/OSHI-Cecilia-salon-scaled.jpg?fit=1920%2C2560&amp;ssl=1\" class=\"attachment-full size-full wp-image-1865\" alt=\"\" srcset=\"https:\/\/i0.wp.com\/oshi-studio.com\/wp-content\/uploads\/2024\/02\/OSHI-Cecilia-salon-scaled.jpg?w=1920&amp;ssl=1 1920w, https:\/\/i0.wp.com\/oshi-studio.com\/wp-content\/uploads\/2024\/02\/OSHI-Cecilia-salon-scaled.jpg?resize=225%2C300&amp;ssl=1 225w, https:\/\/i0.wp.com\/oshi-studio.com\/wp-content\/uploads\/2024\/02\/OSHI-Cecilia-salon-scaled.jpg?resize=768%2C1024&amp;ssl=1 768w, https:\/\/i0.wp.com\/oshi-studio.com\/wp-content\/uploads\/2024\/02\/OSHI-Cecilia-salon-scaled.jpg?resize=1152%2C1536&amp;ssl=1 1152w, https:\/\/i0.wp.com\/oshi-studio.com\/wp-content\/uploads\/2024\/02\/OSHI-Cecilia-salon-scaled.jpg?resize=1536%2C2048&amp;ssl=1 1536w\" sizes=\"(max-width: 1200px) 100vw, 1200px\" \/>\t\t\t\t\t\t\t\t\t\t\t\t\t\t\t<\/div>\n\t\t\t\t<\/div>\n\t\t\t\t<\/div>\n\t\t<div class=\"elementor-element elementor-element-13fdb00 e-con-full e-flex e-con e-child\" data-id=\"13fdb00\" data-element_type=\"container\" data-e-type=\"container\">\n\t\t\t\t<div class=\"elementor-element elementor-element-3799e4f elementor-widget elementor-widget-image\" data-id=\"3799e4f\" data-element_type=\"widget\" data-e-type=\"widget\" data-widget_type=\"image.default\">\n\t\t\t\t<div class=\"elementor-widget-container\">\n\t\t\t\t\t\t\t\t\t\t\t\t\t\t\t<img loading=\"lazy\" decoding=\"async\" width=\"2560\" height=\"1920\" src=\"https:\/\/i0.wp.com\/oshi-studio.com\/wp-content\/uploads\/2024\/02\/OSHI-Cecilia-salon-2-scaled.jpg?fit=2560%2C1920&amp;ssl=1\" class=\"attachment-full size-full wp-image-1866\" alt=\"\" srcset=\"https:\/\/i0.wp.com\/oshi-studio.com\/wp-content\/uploads\/2024\/02\/OSHI-Cecilia-salon-2-scaled.jpg?w=2560&amp;ssl=1 2560w, https:\/\/i0.wp.com\/oshi-studio.com\/wp-content\/uploads\/2024\/02\/OSHI-Cecilia-salon-2-scaled.jpg?resize=300%2C225&amp;ssl=1 300w, https:\/\/i0.wp.com\/oshi-studio.com\/wp-content\/uploads\/2024\/02\/OSHI-Cecilia-salon-2-scaled.jpg?resize=1024%2C768&amp;ssl=1 1024w, https:\/\/i0.wp.com\/oshi-studio.com\/wp-content\/uploads\/2024\/02\/OSHI-Cecilia-salon-2-scaled.jpg?resize=768%2C576&amp;ssl=1 768w, https:\/\/i0.wp.com\/oshi-studio.com\/wp-content\/uploads\/2024\/02\/OSHI-Cecilia-salon-2-scaled.jpg?resize=1536%2C1152&amp;ssl=1 1536w, https:\/\/i0.wp.com\/oshi-studio.com\/wp-content\/uploads\/2024\/02\/OSHI-Cecilia-salon-2-scaled.jpg?resize=2048%2C1536&amp;ssl=1 2048w, https:\/\/i0.wp.com\/oshi-studio.com\/wp-content\/uploads\/2024\/02\/OSHI-Cecilia-salon-2-scaled.jpg?w=2400&amp;ssl=1 2400w\" sizes=\"(max-width: 1200px) 100vw, 1200px\" \/>\t\t\t\t\t\t\t\t\t\t\t\t\t\t\t<\/div>\n\t\t\t\t<\/div>\n\t\t\t\t<\/div>\n\t\t<div class=\"elementor-element elementor-element-26202a1 e-con-full e-flex e-con e-child\" data-id=\"26202a1\" data-element_type=\"container\" data-e-type=\"container\">\n\t\t\t\t<div class=\"elementor-element elementor-element-09b81f9 elementor-widget elementor-widget-image\" data-id=\"09b81f9\" data-element_type=\"widget\" data-e-type=\"widget\" data-widget_type=\"image.default\">\n\t\t\t\t<div class=\"elementor-widget-container\">\n\t\t\t\t\t\t\t\t\t\t\t\t\t\t\t<img loading=\"lazy\" decoding=\"async\" width=\"1920\" height=\"2560\" src=\"https:\/\/i0.wp.com\/oshi-studio.com\/wp-content\/uploads\/2024\/02\/OSHI-Cecilia-salle-a-manger-scaled.jpg?fit=1920%2C2560&amp;ssl=1\" class=\"attachment-full size-full wp-image-1864\" alt=\"\" srcset=\"https:\/\/i0.wp.com\/oshi-studio.com\/wp-content\/uploads\/2024\/02\/OSHI-Cecilia-salle-a-manger-scaled.jpg?w=1920&amp;ssl=1 1920w, https:\/\/i0.wp.com\/oshi-studio.com\/wp-content\/uploads\/2024\/02\/OSHI-Cecilia-salle-a-manger-scaled.jpg?resize=225%2C300&amp;ssl=1 225w, https:\/\/i0.wp.com\/oshi-studio.com\/wp-content\/uploads\/2024\/02\/OSHI-Cecilia-salle-a-manger-scaled.jpg?resize=768%2C1024&amp;ssl=1 768w, https:\/\/i0.wp.com\/oshi-studio.com\/wp-content\/uploads\/2024\/02\/OSHI-Cecilia-salle-a-manger-scaled.jpg?resize=1152%2C1536&amp;ssl=1 1152w, https:\/\/i0.wp.com\/oshi-studio.com\/wp-content\/uploads\/2024\/02\/OSHI-Cecilia-salle-a-manger-scaled.jpg?resize=1536%2C2048&amp;ssl=1 1536w\" sizes=\"(max-width: 1200px) 100vw, 1200px\" \/>\t\t\t\t\t\t\t\t\t\t\t\t\t\t\t<\/div>\n\t\t\t\t<\/div>\n\t\t\t\t<\/div>\n\t\t\t\t\t<\/div>\n\t\t\t\t<\/div>\n\t\t\t\t<\/div>\n\t\t","protected":false},"excerpt":{"rendered":"<p>Projet de C\u00e9cilia &#8211; R\u00e9novation compl\u00e8te d&rsquo;un 2 pi\u00e8ces \u00e0 Ixelles R\u00e9novation compl\u00e8te d&rsquo;un appartement de 90m2 \u00e0 Ixelles. C\u00e9cilia, une jeune fran\u00e7aise install\u00e9e \u00e0 Bruxelles, souhaitait remettre en \u00e9tat un appartement r\u00e9cemment acquis.&nbsp; L&rsquo;appartement \u00e9tait dans son jus et n\u00e9cessitait une r\u00e9novation compl\u00e8te. La cuisine s\u00e9par\u00e9e \u00e9tait tr\u00e8s petite et mal \u00e9quip\u00e9e. Un grand [&hellip;]<\/p>\n","protected":false},"author":1,"featured_media":0,"parent":0,"menu_order":0,"comment_status":"closed","ping_status":"closed","template":"","meta":{"site-sidebar-layout":"no-sidebar","site-content-layout":"","ast-site-content-layout":"full-width-container","site-content-style":"default","site-sidebar-style":"default","ast-global-header-display":"","ast-banner-title-visibility":"","ast-main-header-display":"","ast-hfb-above-header-display":"","ast-hfb-below-header-display":"","ast-hfb-mobile-header-display":"","site-post-title":"disabled","ast-breadcrumbs-content":"","ast-featured-img":"disabled","footer-sml-layout":"","ast-disable-related-posts":"","theme-transparent-header-meta":"","adv-header-id-meta":"","stick-header-meta":"","header-above-stick-meta":"","header-main-stick-meta":"","header-below-stick-meta":"","astra-migrate-meta-layouts":"default","ast-page-background-enabled":"default","ast-page-background-meta":{"desktop":{"background-color":"var(--ast-global-color-4)","background-image":"","background-repeat":"repeat","background-position":"center center","background-size":"auto","background-attachment":"scroll","background-type":"","background-media":"","overlay-type":"","overlay-color":"","overlay-opacity":"","overlay-gradient":""},"tablet":{"background-color":"","background-image":"","background-repeat":"repeat","background-position":"center center","background-size":"auto","background-attachment":"scroll","background-type":"","background-media":"","overlay-type":"","overlay-color":"","overlay-opacity":"","overlay-gradient":""},"mobile":{"background-color":"","background-image":"","background-repeat":"repeat","background-position":"center center","background-size":"auto","background-attachment":"scroll","background-type":"","background-media":"","overlay-type":"","overlay-color":"","overlay-opacity":"","overlay-gradient":""}},"ast-content-background-meta":{"desktop":{"background-color":"var(--ast-global-color-5)","background-image":"","background-repeat":"repeat","background-position":"center center","background-size":"auto","background-attachment":"scroll","background-type":"","background-media":"","overlay-type":"","overlay-color":"","overlay-opacity":"","overlay-gradient":""},"tablet":{"background-color":"var(--ast-global-color-5)","background-image":"","background-repeat":"repeat","background-position":"center center","background-size":"auto","background-attachment":"scroll","background-type":"","background-media":"","overlay-type":"","overlay-color":"","overlay-opacity":"","overlay-gradient":""},"mobile":{"background-color":"var(--ast-global-color-5)","background-image":"","background-repeat":"repeat","background-position":"center center","background-size":"auto","background-attachment":"scroll","background-type":"","background-media":"","overlay-type":"","overlay-color":"","overlay-opacity":"","overlay-gradient":""}},"footnotes":""},"class_list":["post-1861","page","type-page","status-publish","hentry"],"jetpack_sharing_enabled":true,"_links":{"self":[{"href":"https:\/\/oshi-studio.com\/index.php\/wp-json\/wp\/v2\/pages\/1861","targetHints":{"allow":["GET"]}}],"collection":[{"href":"https:\/\/oshi-studio.com\/index.php\/wp-json\/wp\/v2\/pages"}],"about":[{"href":"https:\/\/oshi-studio.com\/index.php\/wp-json\/wp\/v2\/types\/page"}],"author":[{"embeddable":true,"href":"https:\/\/oshi-studio.com\/index.php\/wp-json\/wp\/v2\/users\/1"}],"replies":[{"embeddable":true,"href":"https:\/\/oshi-studio.com\/index.php\/wp-json\/wp\/v2\/comments?post=1861"}],"version-history":[{"count":64,"href":"https:\/\/oshi-studio.com\/index.php\/wp-json\/wp\/v2\/pages\/1861\/revisions"}],"predecessor-version":[{"id":2202,"href":"https:\/\/oshi-studio.com\/index.php\/wp-json\/wp\/v2\/pages\/1861\/revisions\/2202"}],"wp:attachment":[{"href":"https:\/\/oshi-studio.com\/index.php\/wp-json\/wp\/v2\/media?parent=1861"}],"curies":[{"name":"wp","href":"https:\/\/api.w.org\/{rel}","templated":true}]}}