{"id":13,"date":"2024-01-02T17:29:48","date_gmt":"2024-01-02T16:29:48","guid":{"rendered":"http:\/\/xnshijs.cluster028.hosting.ovh.net\/?page_id=13"},"modified":"2024-05-15T08:46:52","modified_gmt":"2024-05-15T06:46:52","slug":"accueil-2","status":"publish","type":"page","link":"https:\/\/oshi-studio.com\/","title":{"rendered":"Accueil"},"content":{"rendered":"\t\t<div data-elementor-type=\"wp-page\" data-elementor-id=\"13\" class=\"elementor elementor-13\">\n\t\t\t\t<div class=\"elementor-element elementor-element-c59f199 e-flex e-con-boxed e-con e-parent\" data-id=\"c59f199\" data-element_type=\"container\" data-e-type=\"container\">\n\t\t\t\t\t<div class=\"e-con-inner\">\n\t\t\t\t<div class=\"elementor-element elementor-element-f8393cf elementor-widget__width-initial elementor-widget elementor-widget-text-editor\" data-id=\"f8393cf\" data-element_type=\"widget\" data-e-type=\"widget\" data-widget_type=\"text-editor.default\">\n\t\t\t\t<div class=\"elementor-widget-container\">\n\t\t\t\t\t\t\t\t\t<p class=\"has-text-align-left\"><span style=\"font-style: inherit; font-weight: inherit; color: var( --e-global-color-text ); font-family: var( --e-global-typography-text-font-family ), Sans-serif; background-color: var(--ast-global-color-5);\">Nous sommes un agence sp\u00e9cialis\u00e9e dans l&rsquo;architecture d&rsquo;int\u00e9rieur et la fabrication de meubles sur mesure. Nous proposons un accompagnement personnalis\u00e9 et des services \u00e0 la carte pour vos projets de r\u00e9novation, d&rsquo;am\u00e9nagement et de d\u00e9coration.\u00a0<\/span><\/p>\n<p><!-- \/wp:paragraph --><\/p>\n<p><!-- wp:paragraph {\"align\":\"left\"} --><\/p>\t\t\t\t\t\t\t\t<\/div>\n\t\t\t\t<\/div>\n\t\t\t\t\t<\/div>\n\t\t\t\t<\/div>\n\t\t<div class=\"elementor-element elementor-element-cd32ed3 e-con-full e-flex e-con e-parent\" data-id=\"cd32ed3\" data-element_type=\"container\" data-e-type=\"container\">\n\t\t<div class=\"elementor-element elementor-element-6dd9d4a e-con-full e-flex e-con e-child\" data-id=\"6dd9d4a\" data-element_type=\"container\" data-e-type=\"container\">\n\t\t\t\t<div class=\"elementor-element elementor-element-de7502c elementor-widget elementor-widget-heading\" data-id=\"de7502c\" data-element_type=\"widget\" data-e-type=\"widget\" data-widget_type=\"heading.default\">\n\t\t\t\t<div class=\"elementor-widget-container\">\n\t\t\t\t\t<h1 class=\"elementor-heading-title elementor-size-default\">Notre approche et philosophie<\/h1>\t\t\t\t<\/div>\n\t\t\t\t<\/div>\n\t\t\t\t<div class=\"elementor-element elementor-element-afd227c elementor-widget__width-initial elementor-widget elementor-widget-image\" data-id=\"afd227c\" data-element_type=\"widget\" data-e-type=\"widget\" data-widget_type=\"image.default\">\n\t\t\t\t<div class=\"elementor-widget-container\">\n\t\t\t\t\t\t\t\t\t\t\t\t\t\t\t<img fetchpriority=\"high\" decoding=\"async\" width=\"1024\" height=\"768\" src=\"https:\/\/i0.wp.com\/oshi-studio.com\/wp-content\/uploads\/2024\/02\/Guillaume-Ritta-Salon-Noire-blanc-scaled.jpg?fit=1024%2C768&amp;ssl=1\" class=\"attachment-large size-large wp-image-1790\" alt=\"\" srcset=\"https:\/\/i0.wp.com\/oshi-studio.com\/wp-content\/uploads\/2024\/02\/Guillaume-Ritta-Salon-Noire-blanc-scaled.jpg?w=2560&amp;ssl=1 2560w, https:\/\/i0.wp.com\/oshi-studio.com\/wp-content\/uploads\/2024\/02\/Guillaume-Ritta-Salon-Noire-blanc-scaled.jpg?resize=300%2C225&amp;ssl=1 300w, https:\/\/i0.wp.com\/oshi-studio.com\/wp-content\/uploads\/2024\/02\/Guillaume-Ritta-Salon-Noire-blanc-scaled.jpg?resize=1024%2C768&amp;ssl=1 1024w, https:\/\/i0.wp.com\/oshi-studio.com\/wp-content\/uploads\/2024\/02\/Guillaume-Ritta-Salon-Noire-blanc-scaled.jpg?resize=768%2C576&amp;ssl=1 768w, https:\/\/i0.wp.com\/oshi-studio.com\/wp-content\/uploads\/2024\/02\/Guillaume-Ritta-Salon-Noire-blanc-scaled.jpg?resize=1536%2C1152&amp;ssl=1 1536w, https:\/\/i0.wp.com\/oshi-studio.com\/wp-content\/uploads\/2024\/02\/Guillaume-Ritta-Salon-Noire-blanc-scaled.jpg?resize=2048%2C1536&amp;ssl=1 2048w, https:\/\/i0.wp.com\/oshi-studio.com\/wp-content\/uploads\/2024\/02\/Guillaume-Ritta-Salon-Noire-blanc-scaled.jpg?w=2400&amp;ssl=1 2400w\" sizes=\"(max-width: 1024px) 100vw, 1024px\" \/>\t\t\t\t\t\t\t\t\t\t\t\t\t\t\t<\/div>\n\t\t\t\t<\/div>\n\t\t\t\t<\/div>\n\t\t<div class=\"elementor-element elementor-element-6030238 e-con-full e-flex e-con e-child\" data-id=\"6030238\" data-element_type=\"container\" data-e-type=\"container\">\n\t\t\t\t<div class=\"elementor-element elementor-element-abdfe00 elementor-widget elementor-widget-spacer\" data-id=\"abdfe00\" data-element_type=\"widget\" data-e-type=\"widget\" data-widget_type=\"spacer.default\">\n\t\t\t\t<div class=\"elementor-widget-container\">\n\t\t\t\t\t\t\t<div class=\"elementor-spacer\">\n\t\t\t<div class=\"elementor-spacer-inner\"><\/div>\n\t\t<\/div>\n\t\t\t\t\t\t<\/div>\n\t\t\t\t<\/div>\n\t\t\t\t<div class=\"elementor-element elementor-element-af909c9 elementor-widget__width-initial elementor-widget elementor-widget-text-editor\" data-id=\"af909c9\" data-element_type=\"widget\" data-e-type=\"widget\" data-widget_type=\"text-editor.default\">\n\t\t\t\t<div class=\"elementor-widget-container\">\n\t\t\t\t\t\t\t\t\t<p class=\"has-text-align-left\">\u00d4SHi est le fruit d\u2019une longue r\u00e9flexion sur l\u2019am\u00e9nagement int\u00e9rieur et les nouveaux besoins en mati\u00e8re d\u2019espace, murie \u00e0 travers de multiples r\u00e9alisations de Paris \u00e0 Bruxelles. Nos diff\u00e9rentes collaborations ont mis en lumi\u00e8re le besoin d&rsquo;int\u00e9grer un mobilier sur mesure d\u00e8s la phase de conception du projet afin de proposer des am\u00e9nagements qui s\u2019adaptent aux nouveaux usages et modes de vie, tout en optimisant l\u2019espace avec style et une grande attention aux besoins fonctionnels.\u00a0<\/p>\n<p class=\"has-text-align-left\">Chaque projet est unique pour ses enjeux, contraintes techniques et budg\u00e9taires. Il s&rsquo;agit aussi d&rsquo;une exp\u00e9rience humaine qui valorise les go\u00fbts et les pr\u00e9f\u00e9rences esth\u00e9tiques de nos clients. Notre approche est celle d&rsquo;une collaboration entre l\u2019architecte, le client et les diff\u00e9rents intervenants.<\/p>\n<p><!-- \/wp:paragraph --><\/p>\n<p><!-- wp:paragraph {\"align\":\"left\"} --><\/p>\t\t\t\t\t\t\t\t<\/div>\n\t\t\t\t<\/div>\n\t\t\t\t<\/div>\n\t\t\t\t<\/div>\n\t\t<div class=\"elementor-element elementor-element-72b2fc3 e-flex e-con-boxed e-con e-parent\" data-id=\"72b2fc3\" data-element_type=\"container\" data-e-type=\"container\">\n\t\t\t\t\t<div class=\"e-con-inner\">\n\t\t\t\t<div class=\"elementor-element elementor-element-42b18fe elementor-widget elementor-widget-heading\" data-id=\"42b18fe\" data-element_type=\"widget\" data-e-type=\"widget\" data-widget_type=\"heading.default\">\n\t\t\t\t<div class=\"elementor-widget-container\">\n\t\t\t\t\t<h1 class=\"elementor-heading-title elementor-size-default\">Prestations et Services<\/h1>\t\t\t\t<\/div>\n\t\t\t\t<\/div>\n\t\t\t\t\t<\/div>\n\t\t\t\t<\/div>\n\t\t<div class=\"elementor-element elementor-element-aefbf67 e-flex e-con-boxed e-con e-parent\" data-id=\"aefbf67\" data-element_type=\"container\" data-e-type=\"container\">\n\t\t\t\t\t<div class=\"e-con-inner\">\n\t\t\t\t<div class=\"elementor-element elementor-element-6052c12 elementor-widget__width-initial elementor-widget elementor-widget-text-editor\" data-id=\"6052c12\" data-element_type=\"widget\" data-e-type=\"widget\" data-widget_type=\"text-editor.default\">\n\t\t\t\t<div class=\"elementor-widget-container\">\n\t\t\t\t\t\t\t\t\t<p><span style=\"font-style: inherit; font-weight: inherit; color: var( --e-global-color-text ); font-family: var( --e-global-typography-text-font-family ), Sans-serif; text-align: var(--text-align); background-color: var(--ast-global-color-5);\">Notre offre de&nbsp;service s&rsquo;adresse aux&nbsp;particuliers (appartements &amp; maisons) et professionnels (locaux commerciaux, bureaux &amp; h\u00f4tellerie).<\/span><\/p>\n<p><span lang=\"FR\"><o:p><\/o:p><\/span><\/p>\n<p><!-- \/wp:paragraph --><\/p>\n<p><!-- wp:paragraph {\"align\":\"left\"} --><\/p>\t\t\t\t\t\t\t\t<\/div>\n\t\t\t\t<\/div>\n\t\t\t\t\t<\/div>\n\t\t\t\t<\/div>\n\t\t<div class=\"elementor-element elementor-element-9a1b249 e-flex e-con-boxed e-con e-parent\" data-id=\"9a1b249\" data-element_type=\"container\" data-e-type=\"container\" data-settings=\"{&quot;background_background&quot;:&quot;gradient&quot;}\">\n\t\t\t\t\t<div class=\"e-con-inner\">\n\t\t<div class=\"elementor-element elementor-element-bf8479a e-con-full e-flex e-con e-child\" data-id=\"bf8479a\" data-element_type=\"container\" data-e-type=\"container\">\n\t\t\t\t<div class=\"elementor-element elementor-element-573b7c7 elementor-widget elementor-widget-heading\" data-id=\"573b7c7\" data-element_type=\"widget\" data-e-type=\"widget\" data-widget_type=\"heading.default\">\n\t\t\t\t<div class=\"elementor-widget-container\">\n\t\t\t\t\t<h6 class=\"elementor-heading-title elementor-size-medium\">Am\u00e9nagements<\/h6>\t\t\t\t<\/div>\n\t\t\t\t<\/div>\n\t\t\t\t<div class=\"elementor-element elementor-element-3ab53bc elementor-widget elementor-widget-image\" data-id=\"3ab53bc\" data-element_type=\"widget\" data-e-type=\"widget\" data-widget_type=\"image.default\">\n\t\t\t\t<div class=\"elementor-widget-container\">\n\t\t\t\t\t\t\t\t\t\t\t\t\t\t\t\t<a href=\"https:\/\/oshi-studio.com\/index.php\/interior-design\/\">\n\t\t\t\t\t\t\t<img decoding=\"async\" width=\"300\" height=\"199\" src=\"https:\/\/i0.wp.com\/oshi-studio.com\/wp-content\/uploads\/2024\/02\/plan-projetF.jpg?fit=300%2C199&amp;ssl=1\" class=\"elementor-animation-grow attachment-medium size-medium wp-image-1010\" alt=\"\" srcset=\"https:\/\/i0.wp.com\/oshi-studio.com\/wp-content\/uploads\/2024\/02\/plan-projetF.jpg?w=1498&amp;ssl=1 1498w, https:\/\/i0.wp.com\/oshi-studio.com\/wp-content\/uploads\/2024\/02\/plan-projetF.jpg?resize=300%2C199&amp;ssl=1 300w, https:\/\/i0.wp.com\/oshi-studio.com\/wp-content\/uploads\/2024\/02\/plan-projetF.jpg?resize=1024%2C679&amp;ssl=1 1024w, https:\/\/i0.wp.com\/oshi-studio.com\/wp-content\/uploads\/2024\/02\/plan-projetF.jpg?resize=768%2C510&amp;ssl=1 768w\" sizes=\"(max-width: 300px) 100vw, 300px\" \/>\t\t\t\t\t\t\t\t<\/a>\n\t\t\t\t\t\t\t\t\t\t\t\t\t\t\t<\/div>\n\t\t\t\t<\/div>\n\t\t\t\t<div class=\"elementor-element elementor-element-fd020d0 elementor-widget elementor-widget-text-editor\" data-id=\"fd020d0\" data-element_type=\"widget\" data-e-type=\"widget\" data-widget_type=\"text-editor.default\">\n\t\t\t\t<div class=\"elementor-widget-container\">\n\t\t\t\t\t\t\t\t\t<p><span style=\"font-style: inherit; font-weight: inherit; color: var( --e-global-color-text ); font-family: var( --e-global-typography-text-font-family ), Sans-serif; text-align: var(--text-align); background-color: var(--ast-global-color-5);\">Vous souhaitez r\u00e9am\u00e9nager votre appartement, maison ou commerce?\u00a0<\/span><\/p>\n<p><span style=\"font-style: inherit; font-weight: inherit; color: var( --e-global-color-text ); font-family: var( --e-global-typography-text-font-family ), Sans-serif; text-align: var(--text-align); background-color: var(--ast-global-color-5);\">Notre architecte d&rsquo;int\u00e9rieur met \u00e0 votre service son expertise et savoir faire.<\/span><\/p>\t\t\t\t\t\t\t\t<\/div>\n\t\t\t\t<\/div>\n\t\t\t\t<\/div>\n\t\t<div class=\"elementor-element elementor-element-a23129c e-con-full e-flex e-con e-child\" data-id=\"a23129c\" data-element_type=\"container\" data-e-type=\"container\">\n\t\t\t\t<div class=\"elementor-element elementor-element-10f57e9 elementor-widget elementor-widget-heading\" data-id=\"10f57e9\" data-element_type=\"widget\" data-e-type=\"widget\" data-widget_type=\"heading.default\">\n\t\t\t\t<div class=\"elementor-widget-container\">\n\t\t\t\t\t<h6 class=\"elementor-heading-title elementor-size-medium\">Meubles sur mesure<\/h6>\t\t\t\t<\/div>\n\t\t\t\t<\/div>\n\t\t\t\t<div class=\"elementor-element elementor-element-7d185f8 elementor-widget elementor-widget-image\" data-id=\"7d185f8\" data-element_type=\"widget\" data-e-type=\"widget\" data-widget_type=\"image.default\">\n\t\t\t\t<div class=\"elementor-widget-container\">\n\t\t\t\t\t\t\t\t\t\t\t\t\t\t\t\t<a href=\"https:\/\/oshi-studio.com\/index.php\/furnitures\/\">\n\t\t\t\t\t\t\t<img decoding=\"async\" width=\"300\" height=\"238\" src=\"https:\/\/i0.wp.com\/oshi-studio.com\/wp-content\/uploads\/2024\/02\/OSHI-meuble-3D.jpg?fit=300%2C238&amp;ssl=1\" class=\"elementor-animation-grow attachment-medium size-medium wp-image-1407\" alt=\"\" srcset=\"https:\/\/i0.wp.com\/oshi-studio.com\/wp-content\/uploads\/2024\/02\/OSHI-meuble-3D.jpg?w=942&amp;ssl=1 942w, https:\/\/i0.wp.com\/oshi-studio.com\/wp-content\/uploads\/2024\/02\/OSHI-meuble-3D.jpg?resize=300%2C238&amp;ssl=1 300w, https:\/\/i0.wp.com\/oshi-studio.com\/wp-content\/uploads\/2024\/02\/OSHI-meuble-3D.jpg?resize=768%2C610&amp;ssl=1 768w\" sizes=\"(max-width: 300px) 100vw, 300px\" \/>\t\t\t\t\t\t\t\t<\/a>\n\t\t\t\t\t\t\t\t\t\t\t\t\t\t\t<\/div>\n\t\t\t\t<\/div>\n\t\t\t\t<div class=\"elementor-element elementor-element-edd53c6 elementor-widget elementor-widget-text-editor\" data-id=\"edd53c6\" data-element_type=\"widget\" data-e-type=\"widget\" data-widget_type=\"text-editor.default\">\n\t\t\t\t<div class=\"elementor-widget-container\">\n\t\t\t\t\t\t\t\t\t<p>Vous avez besoin de meubles pour am\u00e9nager votre cuisine, chambre, salle de bain ou local commercial?\u00a0<\/p>\n<p>\u00d4SHI vous propose une solution sur mesure.<\/p>\t\t\t\t\t\t\t\t<\/div>\n\t\t\t\t<\/div>\n\t\t\t\t<\/div>\n\t\t<div class=\"elementor-element elementor-element-6354387 e-con-full e-flex e-con e-child\" data-id=\"6354387\" data-element_type=\"container\" data-e-type=\"container\">\n\t\t\t\t<div class=\"elementor-element elementor-element-c6a461c elementor-widget elementor-widget-heading\" data-id=\"c6a461c\" data-element_type=\"widget\" data-e-type=\"widget\" data-widget_type=\"heading.default\">\n\t\t\t\t<div class=\"elementor-widget-container\">\n\t\t\t\t\t<h6 class=\"elementor-heading-title elementor-size-medium\">Conseil &amp; D\u00e9coration<\/h6>\t\t\t\t<\/div>\n\t\t\t\t<\/div>\n\t\t\t\t<div class=\"elementor-element elementor-element-bfeb304 elementor-widget elementor-widget-image\" data-id=\"bfeb304\" data-element_type=\"widget\" data-e-type=\"widget\" data-widget_type=\"image.default\">\n\t\t\t\t<div class=\"elementor-widget-container\">\n\t\t\t\t\t\t\t\t\t\t\t\t\t\t\t\t<a href=\"https:\/\/oshi-studio.com\/index.php\/contact\/\">\n\t\t\t\t\t\t\t<img loading=\"lazy\" decoding=\"async\" width=\"225\" height=\"300\" src=\"https:\/\/i0.wp.com\/oshi-studio.com\/wp-content\/uploads\/2024\/02\/RittaGuillaume-deco2-e1708096357767.jpg?fit=225%2C300&amp;ssl=1\" class=\"elementor-animation-grow attachment-medium size-medium wp-image-1434\" alt=\"\" srcset=\"https:\/\/i0.wp.com\/oshi-studio.com\/wp-content\/uploads\/2024\/02\/RittaGuillaume-deco2-e1708096357767.jpg?w=735&amp;ssl=1 735w, https:\/\/i0.wp.com\/oshi-studio.com\/wp-content\/uploads\/2024\/02\/RittaGuillaume-deco2-e1708096357767.jpg?resize=225%2C300&amp;ssl=1 225w\" sizes=\"(max-width: 225px) 100vw, 225px\" \/>\t\t\t\t\t\t\t\t<\/a>\n\t\t\t\t\t\t\t\t\t\t\t\t\t\t\t<\/div>\n\t\t\t\t<\/div>\n\t\t\t\t<div class=\"elementor-element elementor-element-e68fdea elementor-widget elementor-widget-text-editor\" data-id=\"e68fdea\" data-element_type=\"widget\" data-e-type=\"widget\" data-widget_type=\"text-editor.default\">\n\t\t\t\t<div class=\"elementor-widget-container\">\n\t\t\t\t\t\t\t\t\t<p>A la recherche de mobilier, d&rsquo;id\u00e9es d&rsquo;am\u00e9nagement ou de d\u00e9coration?&nbsp;<\/p><p>Faites appel aux conseils d&rsquo;un professionnel.<\/p>\t\t\t\t\t\t\t\t<\/div>\n\t\t\t\t<\/div>\n\t\t\t\t<\/div>\n\t\t\t\t\t<\/div>\n\t\t\t\t<\/div>\n\t\t\t\t<\/div>\n\t\t","protected":false},"excerpt":{"rendered":"<p>Nous sommes un agence sp\u00e9cialis\u00e9e dans l&rsquo;architecture d&rsquo;int\u00e9rieur et la fabrication de meubles sur mesure. Nous proposons un accompagnement personnalis\u00e9 et des services \u00e0 la carte pour vos projets de r\u00e9novation, d&rsquo;am\u00e9nagement et de d\u00e9coration.\u00a0 Notre approche et philosophie \u00d4SHi est le fruit d\u2019une longue r\u00e9flexion sur l\u2019am\u00e9nagement int\u00e9rieur et les nouveaux besoins en mati\u00e8re [&hellip;]<\/p>\n","protected":false},"author":1,"featured_media":0,"parent":0,"menu_order":0,"comment_status":"closed","ping_status":"closed","template":"","meta":{"site-sidebar-layout":"no-sidebar","site-content-layout":"","ast-site-content-layout":"full-width-container","site-content-style":"default","site-sidebar-style":"default","ast-global-header-display":"","ast-banner-title-visibility":"","ast-main-header-display":"","ast-hfb-above-header-display":"","ast-hfb-below-header-display":"","ast-hfb-mobile-header-display":"","site-post-title":"disabled","ast-breadcrumbs-content":"","ast-featured-img":"disabled","footer-sml-layout":"","ast-disable-related-posts":"","theme-transparent-header-meta":"","adv-header-id-meta":"","stick-header-meta":"","header-above-stick-meta":"","header-main-stick-meta":"","header-below-stick-meta":"","astra-migrate-meta-layouts":"default","ast-page-background-enabled":"default","ast-page-background-meta":{"desktop":{"background-color":"var(--ast-global-color-4)","background-image":"","background-repeat":"repeat","background-position":"center center","background-size":"auto","background-attachment":"scroll","background-type":"","background-media":"","overlay-type":"","overlay-color":"","overlay-opacity":"","overlay-gradient":""},"tablet":{"background-color":"","background-image":"","background-repeat":"repeat","background-position":"center center","background-size":"auto","background-attachment":"scroll","background-type":"","background-media":"","overlay-type":"","overlay-color":"","overlay-opacity":"","overlay-gradient":""},"mobile":{"background-color":"","background-image":"","background-repeat":"repeat","background-position":"center center","background-size":"auto","background-attachment":"scroll","background-type":"","background-media":"","overlay-type":"","overlay-color":"","overlay-opacity":"","overlay-gradient":""}},"ast-content-background-meta":{"desktop":{"background-color":"var(--ast-global-color-5)","background-image":"","background-repeat":"repeat","background-position":"center center","background-size":"auto","background-attachment":"scroll","background-type":"","background-media":"","overlay-type":"","overlay-color":"","overlay-opacity":"","overlay-gradient":""},"tablet":{"background-color":"var(--ast-global-color-5)","background-image":"","background-repeat":"repeat","background-position":"center center","background-size":"auto","background-attachment":"scroll","background-type":"","background-media":"","overlay-type":"","overlay-color":"","overlay-opacity":"","overlay-gradient":""},"mobile":{"background-color":"var(--ast-global-color-5)","background-image":"","background-repeat":"repeat","background-position":"center center","background-size":"auto","background-attachment":"scroll","background-type":"","background-media":"","overlay-type":"","overlay-color":"","overlay-opacity":"","overlay-gradient":""}},"footnotes":""},"class_list":["post-13","page","type-page","status-publish","hentry"],"jetpack_sharing_enabled":true,"_links":{"self":[{"href":"https:\/\/oshi-studio.com\/index.php\/wp-json\/wp\/v2\/pages\/13","targetHints":{"allow":["GET"]}}],"collection":[{"href":"https:\/\/oshi-studio.com\/index.php\/wp-json\/wp\/v2\/pages"}],"about":[{"href":"https:\/\/oshi-studio.com\/index.php\/wp-json\/wp\/v2\/types\/page"}],"author":[{"embeddable":true,"href":"https:\/\/oshi-studio.com\/index.php\/wp-json\/wp\/v2\/users\/1"}],"replies":[{"embeddable":true,"href":"https:\/\/oshi-studio.com\/index.php\/wp-json\/wp\/v2\/comments?post=13"}],"version-history":[{"count":226,"href":"https:\/\/oshi-studio.com\/index.php\/wp-json\/wp\/v2\/pages\/13\/revisions"}],"predecessor-version":[{"id":2539,"href":"https:\/\/oshi-studio.com\/index.php\/wp-json\/wp\/v2\/pages\/13\/revisions\/2539"}],"wp:attachment":[{"href":"https:\/\/oshi-studio.com\/index.php\/wp-json\/wp\/v2\/media?parent=13"}],"curies":[{"name":"wp","href":"https:\/\/api.w.org\/{rel}","templated":true}]}}